{"id":824,"date":"2019-10-22T16:54:15","date_gmt":"2019-10-22T20:54:15","guid":{"rendered":"https:\/\/events.episcopalchurch.org\/eye\/obispos\/"},"modified":"2023-01-05T19:48:41","modified_gmt":"2023-01-06T00:48:41","slug":"obispos","status":"publish","type":"page","link":"https:\/\/events.episcopalchurch.org\/eye\/es\/obispos\/?lang=es","title":{"rendered":"Obispos"},"content":{"rendered":"<p>\u00a1Invitamos a todos los obispos a venir y vivir la experiencia EYE!<\/p>\n\n<p>Se invita a los obispos a asistir al EYE23 como uno de los acompa\u00f1antes de sus j\u00f3venes, o pueden inscribirse como obispos y permanecer fuera del lugar. La inscripci\u00f3n para obispos que no viajen como acompa\u00f1antes de una delegaci\u00f3n estar\u00e1 abierta hasta el viernes 17 de marzo de 2023. Los obispos que se inscriban independientemente de una delegaci\u00f3n no tendr\u00e1n la opci\u00f3n de alojarse en el campus. Si trae a su c\u00f3nyuge, tambi\u00e9n tendr\u00e1 que inscribirse si desea entrar en el campus de la UMD y participar en el EYE23.<\/p>\n\n<h3 class=\"wp-block-heading\">Evento Hoteles<\/h3>\n\n<p>Estamos trabajando para conseguir tarifas con descuento y actualizaremos esta p\u00e1gina cuando tengamos informaci\u00f3n. Varios hoteles cercanos:<\/p>\n\n<ul class=\"wp-block-list\">\n<li><a rel=\"noreferrer noopener\" href=\"https:\/\/reservations.travelclick.com\/107316?groupID=2682569&amp;hotelID=107316\" target=\"_blank\">The Hotel @ UMD<\/a><\/li>\n\n\n\n<li><a rel=\"noreferrer noopener\" href=\"https:\/\/www.ihg.com\/holidayinn\/hotels\/us\/en\/college-park\/wascb\/hoteldetail?fromRedirect=true&amp;qSrt=sBR&amp;qIta=99801505&amp;icdv=99801505&amp;qSlH=WASCB&amp;qGrpCd=EYE&amp;setPMCookies=true&amp;qSHBrC=HI&amp;qDest=10000%20Baltimore%20Ave,%20College%20Park,%20MD,%20US&amp;srb_u=1\" target=\"_blank\">Holiday Inn, College Park<\/a><\/li>\n\n\n\n<li><a rel=\"noreferrer noopener\" href=\"https:\/\/www.ihg.com\/holidayinnexpress\/hotels\/us\/en\/college-park\/wasua\/hoteldetail\/events-facilities?fromRedirect=true&amp;qSrt=sBR&amp;qIta=99801505&amp;icdv=99801505&amp;qSlH=wasua&amp;qGrpCd=dfm&amp;setPMCookies=true&amp;qSHBrC=EX&amp;qDest=9020%20Baltimore%20Avenue,%20College%20Park,%20MD,%20US&amp;srb_u=1\" target=\"_blank\">Holiday Inn Express &amp; Suites<\/a><\/li>\n\n\n\n<li><a href=\"https:\/\/secure3.hilton.com\/en_US\/ht\/reservation\/book.htm?inputModule=HOTEL&amp;ctyhocn=DCAHTHT&amp;spec_plan=CHTDFM&amp;arrival=20200707&amp;departure=20200711&amp;cid=OM,WW,HILTONLINK,EN,DirectLink&amp;fromId=HILTONLINKDIRECT\">Home2Suites<\/a><\/li>\n\n\n\n<li><a rel=\"noreferrer noopener\" href=\"https:\/\/www.marriott.com\/event-reservations\/reservation-link.mi?id=1573672894155&amp;key=GRP&amp;app=resvlink\" target=\"_blank\">College Park Marriott Hotel &amp; Conference Center<\/a><\/li>\n<\/ul>\n\n<p>Se enviar\u00e1n detalles adicionales para los obispos y la participaci\u00f3n lit\u00fargica a todos los obispos inscritos en junio de 2020.<\/p>","protected":false},"excerpt":{"rendered":"<p>\u00a1Invitamos a todos los obispos a venir y vivir la experiencia EYE! Se invita a los obispos a asistir al EYE23 como uno de los acompa\u00f1antes de sus j\u00f3venes, o pueden inscribirse como obispos y permanecer fuera del lugar. La inscripci\u00f3n para obispos que no viajen como acompa\u00f1antes de una delegaci\u00f3n estar\u00e1 abierta hasta el &hellip;<\/p>","protected":false},"author":5,"featured_media":0,"parent":0,"menu_order":0,"comment_status":"closed","ping_status":"closed","template":"","meta":{"_searchwp_excluded":"","_genesis_hide_title":false,"_genesis_hide_breadcrumbs":false,"_genesis_hide_singular_image":false,"_genesis_hide_footer_widgets":false,"_genesis_custom_body_class":"","_genesis_custom_post_class":"","_genesis_layout":"","_kadence_starter_templates_imported_post":false,"footnotes":""},"class_list":{"0":"post-824","1":"page","2":"type-page","3":"status-publish","5":"entry"},"featured_image_src_large":false,"author_info":{"display_name":"Wendy Johnson","author_link":"https:\/\/events.episcopalchurch.org\/eye\/es\/author\/wjohnson\/"},"comment_info":0,"taxonomy_info":[],"_links":{"self":[{"href":"https:\/\/events.episcopalchurch.org\/eye\/es\/wp-json\/wp\/v2\/pages\/824","targetHints":{"allow":["GET"]}}],"collection":[{"href":"https:\/\/events.episcopalchurch.org\/eye\/es\/wp-json\/wp\/v2\/pages"}],"about":[{"href":"https:\/\/events.episcopalchurch.org\/eye\/es\/wp-json\/wp\/v2\/types\/page"}],"author":[{"embeddable":true,"href":"https:\/\/events.episcopalchurch.org\/eye\/es\/wp-json\/wp\/v2\/users\/5"}],"replies":[{"embeddable":true,"href":"https:\/\/events.episcopalchurch.org\/eye\/es\/wp-json\/wp\/v2\/comments?post=824"}],"version-history":[{"count":1,"href":"https:\/\/events.episcopalchurch.org\/eye\/es\/wp-json\/wp\/v2\/pages\/824\/revisions"}],"predecessor-version":[{"id":825,"href":"https:\/\/events.episcopalchurch.org\/eye\/es\/wp-json\/wp\/v2\/pages\/824\/revisions\/825"}],"wp:attachment":[{"href":"https:\/\/events.episcopalchurch.org\/eye\/es\/wp-json\/wp\/v2\/media?parent=824"}],"curies":[{"name":"wp","href":"https:\/\/api.w.org\/{rel}","templated":true}]}}