{"id":333,"date":"2019-10-08T15:37:40","date_gmt":"2019-10-08T19:37:40","guid":{"rendered":"https:\/\/events.episcopalchurch.org\/eye\/pagina-principal\/"},"modified":"2023-05-19T10:47:39","modified_gmt":"2023-05-19T14:47:39","slug":"pagina-principal","status":"publish","type":"page","link":"https:\/\/events.episcopalchurch.org\/eye\/es\/pagina-principal\/?lang=es","title":{"rendered":"Home"},"content":{"rendered":"<h1 style=\"text-align: center\"><span style=\"color: #722647\">2023 Episcopal Youth Event<\/span><\/h1>\n<h3 style=\"text-align: center\">Del 4 al 8 de julio de 2023<br \/>\nUniversidad de Maryland, College Park<\/h3>\n<p style=\"text-align: center\">El Evento Juvenil Episcopal es una reuni\u00f3n de j\u00f3venes de 15 a 19 a\u00f1os de todo el mundo que se re\u00fanen en un campus universitario para aprender, re\u00edr y adorar juntos.<\/p>\n<p style=\"text-align: center\"><a href=\"https:\/\/eye.episcopalchurch.org\/es\/\" target=\"_blank\" rel=\"noopener\">Haga clic aqu\u00ed<\/a> para visitar el sitio web del evento EYE23.<\/p>\n<p style=\"text-align: center\">","protected":false},"excerpt":{"rendered":"<p>Lorem ipsum dolor sit amet, consectetur adipiscing elit, sed do eiusmod tempor incididunt ut labore et dolore magna aliqua. <\/p>","protected":false},"author":5,"featured_media":962,"parent":0,"menu_order":0,"comment_status":"closed","ping_status":"closed","template":"sections.php","meta":{"_searchwp_excluded":"","_genesis_hide_title":false,"_genesis_hide_breadcrumbs":false,"_genesis_hide_singular_image":false,"_genesis_hide_footer_widgets":false,"_genesis_custom_body_class":"","_genesis_custom_post_class":"","_genesis_layout":"full-width-content","_kadence_starter_templates_imported_post":false,"footnotes":""},"class_list":{"0":"post-333","1":"page","2":"type-page","3":"status-publish","4":"has-post-thumbnail","6":"entry"},"featured_image_src_large":["https:\/\/events.episcopalchurch.org\/eye\/wp-content\/uploads\/sites\/6\/2023\/02\/2023-Episcopal-Youth-Event-July-4-8-2023-University-of-Maryland-College-Park-2-1024x512.png",1024,512,true],"author_info":{"display_name":"Wendy Johnson","author_link":"https:\/\/events.episcopalchurch.org\/eye\/es\/author\/wjohnson\/"},"comment_info":0,"taxonomy_info":[],"_links":{"self":[{"href":"https:\/\/events.episcopalchurch.org\/eye\/es\/wp-json\/wp\/v2\/pages\/333","targetHints":{"allow":["GET"]}}],"collection":[{"href":"https:\/\/events.episcopalchurch.org\/eye\/es\/wp-json\/wp\/v2\/pages"}],"about":[{"href":"https:\/\/events.episcopalchurch.org\/eye\/es\/wp-json\/wp\/v2\/types\/page"}],"author":[{"embeddable":true,"href":"https:\/\/events.episcopalchurch.org\/eye\/es\/wp-json\/wp\/v2\/users\/5"}],"replies":[{"embeddable":true,"href":"https:\/\/events.episcopalchurch.org\/eye\/es\/wp-json\/wp\/v2\/comments?post=333"}],"version-history":[{"count":14,"href":"https:\/\/events.episcopalchurch.org\/eye\/es\/wp-json\/wp\/v2\/pages\/333\/revisions"}],"predecessor-version":[{"id":1403,"href":"https:\/\/events.episcopalchurch.org\/eye\/es\/wp-json\/wp\/v2\/pages\/333\/revisions\/1403"}],"wp:featuredmedia":[{"embeddable":true,"href":"https:\/\/events.episcopalchurch.org\/eye\/es\/wp-json\/wp\/v2\/media\/962"}],"wp:attachment":[{"href":"https:\/\/events.episcopalchurch.org\/eye\/es\/wp-json\/wp\/v2\/media?parent=333"}],"curies":[{"name":"wp","href":"https:\/\/api.w.org\/{rel}","templated":true}]}}