{"id":316,"date":"2019-10-22T16:54:53","date_gmt":"2019-10-22T20:54:53","guid":{"rendered":"https:\/\/events.episcopalchurch.org\/eye\/equipo-de-cuidado-pastoral\/"},"modified":"2023-01-18T18:35:21","modified_gmt":"2023-01-18T23:35:21","slug":"equipo-de-cuidado-pastoral","status":"publish","type":"page","link":"https:\/\/events.episcopalchurch.org\/eye\/es\/equipo-de-cuidado-pastoral\/?lang=es","title":{"rendered":"Equipo de eventos"},"content":{"rendered":"<p>El equipo de eventos (anteriormente llamado Equipo de Atenci\u00f3n Pastoral) est\u00e1 formado por j\u00f3venes adultos o adultos (de al menos 19 a\u00f1os de edad o m\u00e1s) que se ofrecen como voluntarios para apoyar el ministerio y el trabajo de EYE23. Las solicitudes para servir en el Equipo de Eventos de EYE23 ya est\u00e1n abiertas, y se cerrar\u00e1n el 15 de enero de 2023.<\/p>\n\n\n\n<p>Los puestos del equipo de cuidado pastoral incluyen lo siguiente:<\/p>\n\n\n\n<ul class=\"wp-block-list\">\n<li>Los miembros del equipo de dormitorios trabajan en estrecha colaboraci\u00f3n con el l\u00edder del equipo de cuidado pastoral para servir como personal residencial en los dormitorios a fin de apoyar a los l\u00edderes adultos responsables de las delegaciones de j\u00f3venes de las di\u00f3cesis que asisten.<\/li>\n\n\n\n<li>Los miembros del equipo del evento sirven como personal de apoyo al EYE, ayudando donde sea necesario. Las personas que forman parte de este equipo deben ser flexibles, eficientes y organizadas.<\/li>\n\n\n\n<li>Los miembros del equipo de atenci\u00f3n m\u00e9dica del EYE23 apoyan al equipo m\u00e9dico del EYE durante todo el evento, ayudando en la cl\u00ednica, dotando de personal a diversas \u00e1reas de actividad y respondiendo a situaciones si surge la necesidad. Este es un trabajo por turnos, realizado con la supervisi\u00f3n de los l\u00edderes del equipo de atenci\u00f3n m\u00e9dica.<\/li>\n<\/ul>\n\n\n\n<p>Para servir como miembro del equipo de cuidado pastoral, los solicitantes deben estar dispuestos a someterse a una verificaci\u00f3n de antecedentes penales por delitos sexuales; proporcionar evidencia de haber completado el Adiestramiento de Salvaguardar a los Hijos de Dios u otro entrenamiento comparable (sujeto a revisi\u00f3n); estar al d\u00eda con las vacunas; demostrar experiencia en supervisi\u00f3n exitosa y apropiada de adolescentes en situaciones nocturnas; y estar disponibles para viajar a Washington D.C. el 2 de julio y partir no antes del mediod\u00eda del 8 de julio.<\/p>\n\n\n\n<p>Se espera que los voluntarios proporcionen su propio transporte al evento. Se proporciona alojamiento y comidas<\/p>\n\n\n\n<p>Para m\u00e1s informaci\u00f3n, p\u00f3ngase en contacto con <a href=\"\/eye\/es\/skelly@episcopalchurch.org\/\">la reverenda Shannon Kelly<\/a>.<\/p>","protected":false},"excerpt":{"rendered":"<p>El equipo de eventos (anteriormente llamado Equipo de Atenci\u00f3n Pastoral) est\u00e1 formado por j\u00f3venes adultos o adultos (de al menos 19 a\u00f1os de edad o m\u00e1s) que se ofrecen como voluntarios para apoyar el ministerio y el trabajo de EYE23. Las solicitudes para servir en el Equipo de Eventos de EYE23 ya est\u00e1n abiertas, y &hellip;<\/p>","protected":false},"author":5,"featured_media":0,"parent":0,"menu_order":0,"comment_status":"closed","ping_status":"closed","template":"","meta":{"_searchwp_excluded":"","_genesis_hide_title":false,"_genesis_hide_breadcrumbs":false,"_genesis_hide_singular_image":false,"_genesis_hide_footer_widgets":false,"_genesis_custom_body_class":"","_genesis_custom_post_class":"","_genesis_layout":"","_kadence_starter_templates_imported_post":false,"footnotes":""},"class_list":{"0":"post-316","1":"page","2":"type-page","3":"status-publish","5":"entry"},"featured_image_src_large":false,"author_info":{"display_name":"Wendy Johnson","author_link":"https:\/\/events.episcopalchurch.org\/eye\/es\/author\/wjohnson\/"},"comment_info":0,"taxonomy_info":[],"_links":{"self":[{"href":"https:\/\/events.episcopalchurch.org\/eye\/es\/wp-json\/wp\/v2\/pages\/316","targetHints":{"allow":["GET"]}}],"collection":[{"href":"https:\/\/events.episcopalchurch.org\/eye\/es\/wp-json\/wp\/v2\/pages"}],"about":[{"href":"https:\/\/events.episcopalchurch.org\/eye\/es\/wp-json\/wp\/v2\/types\/page"}],"author":[{"embeddable":true,"href":"https:\/\/events.episcopalchurch.org\/eye\/es\/wp-json\/wp\/v2\/users\/5"}],"replies":[{"embeddable":true,"href":"https:\/\/events.episcopalchurch.org\/eye\/es\/wp-json\/wp\/v2\/comments?post=316"}],"version-history":[{"count":4,"href":"https:\/\/events.episcopalchurch.org\/eye\/es\/wp-json\/wp\/v2\/pages\/316\/revisions"}],"predecessor-version":[{"id":879,"href":"https:\/\/events.episcopalchurch.org\/eye\/es\/wp-json\/wp\/v2\/pages\/316\/revisions\/879"}],"wp:attachment":[{"href":"https:\/\/events.episcopalchurch.org\/eye\/es\/wp-json\/wp\/v2\/media?parent=316"}],"curies":[{"name":"wp","href":"https:\/\/api.w.org\/{rel}","templated":true}]}}