{"id":300,"date":"2019-10-31T18:39:19","date_gmt":"2019-10-31T22:39:19","guid":{"rendered":"https:\/\/events.episcopalchurch.org\/eye\/requisitos-del-acompanante\/"},"modified":"2023-01-18T18:33:37","modified_gmt":"2023-01-18T23:33:37","slug":"requisitos-del-acompanante","status":"publish","type":"page","link":"https:\/\/events.episcopalchurch.org\/eye\/es\/requisitos-del-acompanante\/?lang=es","title":{"rendered":"Requisitos del acompa\u00f1ante:"},"content":{"rendered":"<p>Los acompa\u00f1antes tienen quiz\u00e1s el mayor impacto en la experiencia del EYE para los j\u00f3venes que asisten. Se espera que establezcan excelentes ejemplos de comportamiento y actitud, ya que brindan seguridad a los participantes a trav\u00e9s de una disciplina diligente con respecto a los l\u00edmites apropiados y saludables.<\/p>\n\n\n\n<p>Los acompa\u00f1antes deben alentar a sus j\u00f3venes a participar plenamente, ayudarlos a procesar eventos, discernir oportunidades y contribuir a que lleven, de vuelta a sus hogares, su experiencia del EYE de una manera esperanzadora. Los acompa\u00f1antes tambi\u00e9n son responsables de cuidar el bienestar f\u00edsico, emocional y espiritual de los j\u00f3venes de la delegaci\u00f3n utilizando los recursos del personal voluntario del EYE cuando sea necesario.<\/p>\n\n\n\n<p>Los acompa\u00f1antes son responsables de realizar controles nocturnos de las habitaciones y de atender los problemas de conducta seg\u00fan sea necesario. Pueden asistir a sus propias sesiones de taller siempre y cuando sus j\u00f3venes tengan un programa diario verificable.<\/p>\n\n\n\n<p>No todos los adultos son buenos acompa\u00f1antes. Alentamos a las delegaciones a discernir cuidadosamente y siempre contar con un\/una acompa\u00f1ante de respaldo listo para intervenir cuando surja una emergencia.<\/p>\n\n\n\n<p>Los siguientes requisitos cumplen con las pautas de responsabilidad del seguro, las pol\u00edticas modelo para Salvaguardar a los Menores, y se han establecido como mejores pr\u00e1cticas en grandes eventos tales como el EYE20.<\/p>\n\n\n\n<ul class=\"wp-block-list\">\n<li>Debe haber un m\u00ednimo de dos acompa\u00f1antes por delegaci\u00f3n.<\/li>\n\n\n\n<li>La proporci\u00f3n preferida entre acompa\u00f1antes y j\u00f3venes es de un adulto por cada seis j\u00f3venes.<\/li>\n\n\n\n<li>Un acompa\u00f1ante adulto mayor de 25 a\u00f1os deber\u00e1 actuar como contacto principal de la delegaci\u00f3n, y al menos un acompa\u00f1ante que viaje con el grupo deber\u00e1 tener como m\u00ednimo 25 a\u00f1os.<\/li>\n\n\n\n<li>Todos los dem\u00e1s acompa\u00f1antes deben tener 21 a\u00f1os o m\u00e1s.<\/li>\n\n\n\n<li>Delegations with more than 12 youth must have a ratio of 1 adult for every 6 youth. Sample ratios:\n<ul class=\"wp-block-list\">\n<li>1-12 j\u00f3venes &#8211; 2 adultos<\/li>\n\n\n\n<li>13-18 j\u00f3venes &#8211; 3 adultos<\/li>\n\n\n\n<li>19-24 j\u00f3venes &#8211; 4 adultos<\/li>\n\n\n\n<li>25-30 j\u00f3venes &#8211; 5 adultos<\/li>\n\n\n\n<li>31-36 j\u00f3venes &#8211; 6 adultos<\/li>\n\n\n\n<li>37-42 j\u00f3venes &#8211; 7 adultos<\/li>\n<\/ul>\n<\/li>\n<\/ul>\n\n\n\n<ul class=\"wp-block-list\">\n<li>Cada delegaci\u00f3n deber\u00e1 tener acompa\u00f1antes de ambos sexos, a menos que todos los j\u00f3venes se identifiquen como del mismo sexo, en cuyo caso los acompa\u00f1antes deber\u00e1n ser del mismo sexo.<\/li>\n\n\n\n<li>Cada delegaci\u00f3n deber\u00e1 tener acompa\u00f1antes de ambos sexos, a menos que todos los j\u00f3venes se identifiquen como del mismo sexo, en cuyo caso los acompa\u00f1antes deber\u00e1n ser del mismo sexo.<\/li>\n\n\n\n<li>Todos los acompa\u00f1antes deben haber pasado una Verificaci\u00f3n de Antecedentes Sexuales Penales realizada por la parroquia o di\u00f3cesis local dentro de los 3 a\u00f1os del 4 de julio de 2023. Los chaperones tambi\u00e9n deben haber completado el Entrenamiento de Iglesia Segura en cumplimiento dentro de los \u00faltimos 3 a\u00f1os y dentro de la pol\u00edtica diocesana local. La Oficina del Obispo Diocesano debe proporcionar evidencia de cumplimiento para las delegaciones diocesanas, y los Rectores\/Guardianes\/Vicarios o Directores Ejecutivos deben hacerlo para otras delegaciones.<\/li>\n\n\n\n<li>Trabajar con grandes poblaciones de j\u00f3venes puede poner en riesgo a los adultos con problemas de salud. La Iglesia Episcopal anima a todos los acompa\u00f1antes y participantes adultos a consultar con su m\u00e9dico acerca de las vacunas.<\/li>\n\n\n\n<li>Se exigen vacunas infantiles actualizadas a los j\u00f3venes participantes.<\/li>\n\n\n\n<li>Los acompa\u00f1antes deben viajar con la delegaci\u00f3n hacia y desde EYE23 y cumplir las mismas normas de comportamiento respecto a nuestro pacto comunitario.<\/li>\n<\/ul>\n\n\n\n<h3 class=\"wp-block-heading\">Movilidad<\/h3>\n\n\n\n<p>El dise\u00f1o de nuestro campus exigir\u00e1 una cantidad significativa de caminatas y no podemos proporcionar transporte. Compartiremos la informaci\u00f3n de contacto de los proveedores si necesita alquilar un esc\u00fater para cualquier persona que no tenga la movilidad suficiente para caminar de un edificio a otro dentro de un per\u00edodo de tiempo razonable. Las opciones de habitaci\u00f3n accesible estar\u00e1n disponibles si as\u00ed se indica en los formularios de inscripci\u00f3n.<\/p>","protected":false},"excerpt":{"rendered":"<p>Los acompa\u00f1antes tienen quiz\u00e1s el mayor impacto en la experiencia del EYE para los j\u00f3venes que asisten. Se espera que establezcan excelentes ejemplos de comportamiento y actitud, ya que brindan seguridad a los participantes a trav\u00e9s de una disciplina diligente con respecto a los l\u00edmites apropiados y saludables. Los acompa\u00f1antes deben alentar a sus j\u00f3venes &hellip;<\/p>","protected":false},"author":5,"featured_media":0,"parent":0,"menu_order":0,"comment_status":"closed","ping_status":"closed","template":"","meta":{"_searchwp_excluded":"","_genesis_hide_title":false,"_genesis_hide_breadcrumbs":false,"_genesis_hide_singular_image":false,"_genesis_hide_footer_widgets":false,"_genesis_custom_body_class":"","_genesis_custom_post_class":"","_genesis_layout":"","_kadence_starter_templates_imported_post":false,"footnotes":""},"class_list":{"0":"post-300","1":"page","2":"type-page","3":"status-publish","5":"entry"},"featured_image_src_large":false,"author_info":{"display_name":"Wendy Johnson","author_link":"https:\/\/events.episcopalchurch.org\/eye\/es\/author\/wjohnson\/"},"comment_info":0,"taxonomy_info":[],"_links":{"self":[{"href":"https:\/\/events.episcopalchurch.org\/eye\/es\/wp-json\/wp\/v2\/pages\/300","targetHints":{"allow":["GET"]}}],"collection":[{"href":"https:\/\/events.episcopalchurch.org\/eye\/es\/wp-json\/wp\/v2\/pages"}],"about":[{"href":"https:\/\/events.episcopalchurch.org\/eye\/es\/wp-json\/wp\/v2\/types\/page"}],"author":[{"embeddable":true,"href":"https:\/\/events.episcopalchurch.org\/eye\/es\/wp-json\/wp\/v2\/users\/5"}],"replies":[{"embeddable":true,"href":"https:\/\/events.episcopalchurch.org\/eye\/es\/wp-json\/wp\/v2\/comments?post=300"}],"version-history":[{"count":6,"href":"https:\/\/events.episcopalchurch.org\/eye\/es\/wp-json\/wp\/v2\/pages\/300\/revisions"}],"predecessor-version":[{"id":877,"href":"https:\/\/events.episcopalchurch.org\/eye\/es\/wp-json\/wp\/v2\/pages\/300\/revisions\/877"}],"wp:attachment":[{"href":"https:\/\/events.episcopalchurch.org\/eye\/es\/wp-json\/wp\/v2\/media?parent=300"}],"curies":[{"name":"wp","href":"https:\/\/api.w.org\/{rel}","templated":true}]}}